{"id":25037,"date":"2025-01-15T14:13:07","date_gmt":"2025-01-15T13:13:07","guid":{"rendered":"https:\/\/altrolux.com\/politique-de-confidentialite\/"},"modified":"2025-03-23T15:29:26","modified_gmt":"2025-03-23T14:29:26","slug":"politique-de-confidentialite","status":"publish","type":"page","link":"https:\/\/altrolux.com\/fr\/politique-de-confidentialite\/","title":{"rendered":"Politique de confidentialit\u00e9"},"content":{"rendered":"\t\t<div data-elementor-type=\"wp-page\" data-elementor-id=\"25037\" class=\"elementor elementor-25037 elementor-20278\" data-elementor-post-type=\"page\">\n\t\t\t\t\t\t<section class=\"elementor-section elementor-top-section elementor-element elementor-element-61976cd elementor-reverse-tablet elementor-reverse-mobile elementor-section-height-min-height elementor-section-boxed elementor-section-height-default elementor-section-items-middle\" data-id=\"61976cd\" data-element_type=\"section\" data-e-type=\"section\" data-settings=\"{&quot;background_background&quot;:&quot;gradient&quot;,&quot;jet_parallax_layout_list&quot;:[]}\">\n\t\t\t\t\t\t\t<div class=\"elementor-background-overlay\"><\/div>\n\t\t\t\t\t\t\t<div class=\"elementor-container elementor-column-gap-wider\">\n\t\t\t\t\t<div class=\"elementor-column elementor-col-100 elementor-top-column elementor-element elementor-element-e6342bf\" data-id=\"e6342bf\" data-element_type=\"column\" data-e-type=\"column\">\n\t\t\t<div class=\"elementor-widget-wrap elementor-element-populated\">\n\t\t\t\t\t\t<div class=\"elementor-element elementor-element-66cfd1d elementor-widget elementor-widget-spacer\" data-id=\"66cfd1d\" data-element_type=\"widget\" data-e-type=\"widget\" data-widget_type=\"spacer.default\">\n\t\t\t\t<div class=\"elementor-widget-container\">\n\t\t\t\t\t\t\t<div class=\"elementor-spacer\">\n\t\t\t<div class=\"elementor-spacer-inner\"><\/div>\n\t\t<\/div>\n\t\t\t\t\t\t<\/div>\n\t\t\t\t<\/div>\n\t\t\t\t<div class=\"elementor-element elementor-element-ebf1a18 elementor-widget elementor-widget-text-editor\" data-id=\"ebf1a18\" data-element_type=\"widget\" data-e-type=\"widget\" data-widget_type=\"text-editor.default\">\n\t\t\t\t<div class=\"elementor-widget-container\">\n\t\t\t\t\t\t\t\t\t<p>Politique de confidentialit\u00e9<\/p>\n\t\t\t\t\t\t\t\t<\/div>\n\t\t\t\t<\/div>\n\t\t\t\t\t<\/div>\n\t\t<\/div>\n\t\t\t\t\t<\/div>\n\t\t<\/section>\n\t\t\t\t<section class=\"elementor-section elementor-top-section elementor-element elementor-element-102c0b5 elementor-section-boxed elementor-section-height-default elementor-section-height-default\" data-id=\"102c0b5\" data-element_type=\"section\" data-e-type=\"section\" data-settings=\"{&quot;jet_parallax_layout_list&quot;:[]}\">\n\t\t\t\t\t\t<div class=\"elementor-container elementor-column-gap-default\">\n\t\t\t\t\t<div class=\"elementor-column elementor-col-100 elementor-top-column elementor-element elementor-element-c513432\" data-id=\"c513432\" data-element_type=\"column\" data-e-type=\"column\">\n\t\t\t<div class=\"elementor-widget-wrap elementor-element-populated\">\n\t\t\t\t\t\t<div class=\"elementor-element elementor-element-c1620c2 elementor-widget elementor-widget-breadcrumbs\" data-id=\"c1620c2\" data-element_type=\"widget\" data-e-type=\"widget\" data-widget_type=\"breadcrumbs.default\">\n\t\t\t\t<div class=\"elementor-widget-container\">\n\t\t\t\t\t<nav aria-label=\"breadcrumbs\" class=\"rank-math-breadcrumb\"><p><span class=\"last\">Home<\/span><\/p><\/nav>\t\t\t\t<\/div>\n\t\t\t\t<\/div>\n\t\t\t\t\t<\/div>\n\t\t<\/div>\n\t\t\t\t\t<\/div>\n\t\t<\/section>\n\t\t\t\t<section class=\"elementor-section elementor-top-section elementor-element elementor-element-584a366 elementor-section-boxed elementor-section-height-default elementor-section-height-default\" data-id=\"584a366\" data-element_type=\"section\" data-e-type=\"section\" data-settings=\"{&quot;jet_parallax_layout_list&quot;:[]}\">\n\t\t\t\t\t\t<div class=\"elementor-container elementor-column-gap-no\">\n\t\t\t\t\t<div class=\"elementor-column elementor-col-50 elementor-top-column elementor-element elementor-element-f77fd94 elementor-invisible\" data-id=\"f77fd94\" data-element_type=\"column\" data-e-type=\"column\" data-settings=\"{&quot;animation&quot;:&quot;fadeInLeft&quot;}\">\n\t\t\t<div class=\"elementor-widget-wrap elementor-element-populated\">\n\t\t\t\t\t\t<section class=\"elementor-section elementor-inner-section elementor-element elementor-element-aeefc32 elementor-section-boxed elementor-section-height-default elementor-section-height-default\" data-id=\"aeefc32\" data-element_type=\"section\" data-e-type=\"section\" data-settings=\"{&quot;jet_parallax_layout_list&quot;:[]}\">\n\t\t\t\t\t\t<div class=\"elementor-container elementor-column-gap-default\">\n\t\t\t\t\t<div class=\"elementor-column elementor-col-100 elementor-inner-column elementor-element elementor-element-8fe5637\" data-id=\"8fe5637\" data-element_type=\"column\" data-e-type=\"column\" data-settings=\"{&quot;background_background&quot;:&quot;classic&quot;}\">\n\t\t\t<div class=\"elementor-widget-wrap elementor-element-populated\">\n\t\t\t\t\t\t<div class=\"elementor-element elementor-element-1a91810 elementor-widget elementor-widget-image\" data-id=\"1a91810\" data-element_type=\"widget\" data-e-type=\"widget\" data-widget_type=\"image.default\">\n\t\t\t\t<div class=\"elementor-widget-container\">\n\t\t\t\t\t\t\t\t\t\t\t\t\t\t\t<img decoding=\"async\" width=\"350\" height=\"57\" src=\"https:\/\/altrolux.com\/wp-content\/uploads\/altrolux-website-footer-logo.png\" class=\"attachment-large size-large wp-image-31535\" alt=\"\" srcset=\"https:\/\/altrolux.com\/wp-content\/uploads\/altrolux-website-footer-logo.png 350w, https:\/\/altrolux.com\/wp-content\/uploads\/altrolux-website-footer-logo-300x49.png 300w\" sizes=\"(max-width: 350px) 100vw, 350px\" \/>\t\t\t\t\t\t\t\t\t\t\t\t\t\t\t<\/div>\n\t\t\t\t<\/div>\n\t\t\t\t<div class=\"elementor-element elementor-element-09d204d elementor-widget elementor-widget-spacer\" data-id=\"09d204d\" data-element_type=\"widget\" data-e-type=\"widget\" data-widget_type=\"spacer.default\">\n\t\t\t\t<div class=\"elementor-widget-container\">\n\t\t\t\t\t\t\t<div class=\"elementor-spacer\">\n\t\t\t<div class=\"elementor-spacer-inner\"><\/div>\n\t\t<\/div>\n\t\t\t\t\t\t<\/div>\n\t\t\t\t<\/div>\n\t\t\t\t<div class=\"elementor-element elementor-element-20883a2 elementor-widget__width-initial elementor-widget elementor-widget-text-editor\" data-id=\"20883a2\" data-element_type=\"widget\" data-e-type=\"widget\" data-widget_type=\"text-editor.default\">\n\t\t\t\t<div class=\"elementor-widget-container\">\n\t\t\t\t\t\t\t\t\t<p><b>Repr\u00e9sent\u00e9e par : <\/b>St\u00e9phane Radonjic<\/p>\n<p>Rue des Anciens Etangs 40 <br \/>1190 Bruxelles, Belgique<\/p>\n<p><strong>BE 0818.140.362<\/strong><br \/>https:\/\/altrolux.com<\/p>\n\t\t\t\t\t\t\t\t<\/div>\n\t\t\t\t<\/div>\n\t\t\t\t<div class=\"elementor-element elementor-element-1b9c450 elementor-widget elementor-widget-spacer\" data-id=\"1b9c450\" data-element_type=\"widget\" data-e-type=\"widget\" data-widget_type=\"spacer.default\">\n\t\t\t\t<div class=\"elementor-widget-container\">\n\t\t\t\t\t\t\t<div class=\"elementor-spacer\">\n\t\t\t<div class=\"elementor-spacer-inner\"><\/div>\n\t\t<\/div>\n\t\t\t\t\t\t<\/div>\n\t\t\t\t<\/div>\n\t\t\t\t<div class=\"elementor-element elementor-element-4c63b2e elementor-widget elementor-widget-heading\" data-id=\"4c63b2e\" data-element_type=\"widget\" data-e-type=\"widget\" data-widget_type=\"heading.default\">\n\t\t\t\t<div class=\"elementor-widget-container\">\n\t\t\t\t\t<h2 class=\"elementor-heading-title elementor-size-default\">Bienvenue sur notre site<\/h2>\t\t\t\t<\/div>\n\t\t\t\t<\/div>\n\t\t\t\t<div class=\"elementor-element elementor-element-f336374 elementor-widget elementor-widget-text-editor\" data-id=\"f336374\" data-element_type=\"widget\" data-e-type=\"widget\" data-widget_type=\"text-editor.default\">\n\t\t\t\t<div class=\"elementor-widget-container\">\n\t\t\t\t\t\t\t\t\t<p>L&rsquo;acc\u00e8s et l&rsquo;utilisation des informations contenues dans ce site Internet impliquent que vous acceptiez pleinement les conditions g\u00e9n\u00e9rales suivantes.<\/p>\n\t\t\t\t\t\t\t\t<\/div>\n\t\t\t\t<\/div>\n\t\t\t\t<div class=\"elementor-element elementor-element-7a8077e elementor-widget elementor-widget-spacer\" data-id=\"7a8077e\" data-element_type=\"widget\" data-e-type=\"widget\" data-widget_type=\"spacer.default\">\n\t\t\t\t<div class=\"elementor-widget-container\">\n\t\t\t\t\t\t\t<div class=\"elementor-spacer\">\n\t\t\t<div class=\"elementor-spacer-inner\"><\/div>\n\t\t<\/div>\n\t\t\t\t\t\t<\/div>\n\t\t\t\t<\/div>\n\t\t\t\t<div class=\"elementor-element elementor-element-7820ab8 elementor-widget elementor-widget-text-editor\" data-id=\"7820ab8\" data-element_type=\"widget\" data-e-type=\"widget\" data-widget_type=\"text-editor.default\">\n\t\t\t\t<div class=\"elementor-widget-container\">\n\t\t\t\t\t\t\t\t\t<p>2023 Altrolux<\/p>\n\t\t\t\t\t\t\t\t<\/div>\n\t\t\t\t<\/div>\n\t\t\t\t\t<\/div>\n\t\t<\/div>\n\t\t\t\t\t<\/div>\n\t\t<\/section>\n\t\t\t\t<div class=\"elementor-element elementor-element-a320825 elementor-widget elementor-widget-spacer\" data-id=\"a320825\" data-element_type=\"widget\" data-e-type=\"widget\" data-widget_type=\"spacer.default\">\n\t\t\t\t<div class=\"elementor-widget-container\">\n\t\t\t\t\t\t\t<div class=\"elementor-spacer\">\n\t\t\t<div class=\"elementor-spacer-inner\"><\/div>\n\t\t<\/div>\n\t\t\t\t\t\t<\/div>\n\t\t\t\t<\/div>\n\t\t\t\t<div class=\"elementor-element elementor-element-565ae31 elementor-widget elementor-widget-spacer\" data-id=\"565ae31\" data-element_type=\"widget\" data-e-type=\"widget\" data-widget_type=\"spacer.default\">\n\t\t\t\t<div class=\"elementor-widget-container\">\n\t\t\t\t\t\t\t<div class=\"elementor-spacer\">\n\t\t\t<div class=\"elementor-spacer-inner\"><\/div>\n\t\t<\/div>\n\t\t\t\t\t\t<\/div>\n\t\t\t\t<\/div>\n\t\t\t\t\t<\/div>\n\t\t<\/div>\n\t\t\t\t<div class=\"elementor-column elementor-col-50 elementor-top-column elementor-element elementor-element-4af2037\" data-id=\"4af2037\" data-element_type=\"column\" data-e-type=\"column\">\n\t\t\t<div class=\"elementor-widget-wrap elementor-element-populated\">\n\t\t\t\t\t\t<div class=\"elementor-element elementor-element-aff6996 elementor-widget elementor-widget-accordion\" data-id=\"aff6996\" data-element_type=\"widget\" data-e-type=\"widget\" data-widget_type=\"accordion.default\">\n\t\t\t\t<div class=\"elementor-widget-container\">\n\t\t\t\t\t\t\t<div class=\"elementor-accordion\">\n\t\t\t\t\t\t\t<div class=\"elementor-accordion-item\">\n\t\t\t\t\t<div id=\"elementor-tab-title-1841\" class=\"elementor-tab-title\" data-tab=\"1\" role=\"button\" aria-controls=\"elementor-tab-content-1841\" aria-expanded=\"false\">\n\t\t\t\t\t\t\t\t\t\t\t\t\t<span class=\"elementor-accordion-icon elementor-accordion-icon-left\" aria-hidden=\"true\">\n\t\t\t\t\t\t\t\t\t\t\t\t\t\t\t<span class=\"elementor-accordion-icon-closed\"><i class=\"fas fa-arrow-alt-circle-right\"><\/i><\/span>\n\t\t\t\t\t\t\t\t<span class=\"elementor-accordion-icon-opened\"><i class=\"fas fa-arrow-alt-circle-down\"><\/i><\/span>\n\t\t\t\t\t\t\t\t\t\t\t\t\t\t<\/span>\n\t\t\t\t\t\t\t\t\t\t\t\t<a class=\"elementor-accordion-title\" tabindex=\"0\">Collecteur de donn\u00e9es personnelles<\/a>\n\t\t\t\t\t<\/div>\n\t\t\t\t\t<div id=\"elementor-tab-content-1841\" class=\"elementor-tab-content elementor-clearfix\" data-tab=\"1\" role=\"region\" aria-labelledby=\"elementor-tab-title-1841\"><p>Altrolux recueille des informations personnelles aupr\u00e8s des utilisateurs de son site, y compris le nom, l&rsquo;adresse \u00e9lectronique et d&rsquo;autres informations de contact fournies par les utilisateurs par le biais de formulaires, d&rsquo;inscriptions ou de demandes de renseignements. Nous recueillons \u00e9galement des informations sur votre utilisation de notre site par le biais de cookies et de technologies similaires.<\/p>\n<\/div>\n\t\t\t\t<\/div>\n\t\t\t\t\t\t\t<div class=\"elementor-accordion-item\">\n\t\t\t\t\t<div id=\"elementor-tab-title-1842\" class=\"elementor-tab-title\" data-tab=\"2\" role=\"button\" aria-controls=\"elementor-tab-content-1842\" aria-expanded=\"false\">\n\t\t\t\t\t\t\t\t\t\t\t\t\t<span class=\"elementor-accordion-icon elementor-accordion-icon-left\" aria-hidden=\"true\">\n\t\t\t\t\t\t\t\t\t\t\t\t\t\t\t<span class=\"elementor-accordion-icon-closed\"><i class=\"fas fa-arrow-alt-circle-right\"><\/i><\/span>\n\t\t\t\t\t\t\t\t<span class=\"elementor-accordion-icon-opened\"><i class=\"fas fa-arrow-alt-circle-down\"><\/i><\/span>\n\t\t\t\t\t\t\t\t\t\t\t\t\t\t<\/span>\n\t\t\t\t\t\t\t\t\t\t\t\t<a class=\"elementor-accordion-title\" tabindex=\"0\">Utilisation des donn\u00e9es personnelles<\/a>\n\t\t\t\t\t<\/div>\n\t\t\t\t\t<div id=\"elementor-tab-content-1842\" class=\"elementor-tab-content elementor-clearfix\" data-tab=\"2\" role=\"region\" aria-labelledby=\"elementor-tab-title-1842\"><p>Les donn\u00e9es personnelles que nous recueillons sont utilis\u00e9es pour fournir et am\u00e9liorer nos services, r\u00e9pondre aux demandes de renseignements, envoyer du mat\u00e9riel promotionnel (avec votre consentement) et \u00e0 des fins statistiques et analytiques.<\/p>\n<\/div>\n\t\t\t\t<\/div>\n\t\t\t\t\t\t\t<div class=\"elementor-accordion-item\">\n\t\t\t\t\t<div id=\"elementor-tab-title-1843\" class=\"elementor-tab-title\" data-tab=\"3\" role=\"button\" aria-controls=\"elementor-tab-content-1843\" aria-expanded=\"false\">\n\t\t\t\t\t\t\t\t\t\t\t\t\t<span class=\"elementor-accordion-icon elementor-accordion-icon-left\" aria-hidden=\"true\">\n\t\t\t\t\t\t\t\t\t\t\t\t\t\t\t<span class=\"elementor-accordion-icon-closed\"><i class=\"fas fa-arrow-alt-circle-right\"><\/i><\/span>\n\t\t\t\t\t\t\t\t<span class=\"elementor-accordion-icon-opened\"><i class=\"fas fa-arrow-alt-circle-down\"><\/i><\/span>\n\t\t\t\t\t\t\t\t\t\t\t\t\t\t<\/span>\n\t\t\t\t\t\t\t\t\t\t\t\t<a class=\"elementor-accordion-title\" tabindex=\"0\">Partage et transfert de donn\u00e9es<\/a>\n\t\t\t\t\t<\/div>\n\t\t\t\t\t<div id=\"elementor-tab-content-1843\" class=\"elementor-tab-content elementor-clearfix\" data-tab=\"3\" role=\"region\" aria-labelledby=\"elementor-tab-title-1843\"><p>Altrolux ne vend ni ne loue les donn\u00e9es personnelles \u00e0 des tiers. Nous pouvons partager des donn\u00e9es \u00e0 caract\u00e8re personnel avec des prestataires de services qui nous assistent dans nos op\u00e9rations, dans le cadre d&rsquo;accords de confidentialit\u00e9 stricts. Toutefois, nous n&rsquo;autorisons pas ces fournisseurs de services \u00e0 utiliser ou \u00e0 divulguer les informations, sauf si cela est n\u00e9cessaire pour fournir des services en notre nom ou pour se conformer \u00e0 des exigences l\u00e9gales.<\/p>\n<\/div>\n\t\t\t\t<\/div>\n\t\t\t\t\t\t\t<div class=\"elementor-accordion-item\">\n\t\t\t\t\t<div id=\"elementor-tab-title-1844\" class=\"elementor-tab-title\" data-tab=\"4\" role=\"button\" aria-controls=\"elementor-tab-content-1844\" aria-expanded=\"false\">\n\t\t\t\t\t\t\t\t\t\t\t\t\t<span class=\"elementor-accordion-icon elementor-accordion-icon-left\" aria-hidden=\"true\">\n\t\t\t\t\t\t\t\t\t\t\t\t\t\t\t<span class=\"elementor-accordion-icon-closed\"><i class=\"fas fa-arrow-alt-circle-right\"><\/i><\/span>\n\t\t\t\t\t\t\t\t<span class=\"elementor-accordion-icon-opened\"><i class=\"fas fa-arrow-alt-circle-down\"><\/i><\/span>\n\t\t\t\t\t\t\t\t\t\t\t\t\t\t<\/span>\n\t\t\t\t\t\t\t\t\t\t\t\t<a class=\"elementor-accordion-title\" tabindex=\"0\">S\u00e9curit\u00e9 des donn\u00e9es<\/a>\n\t\t\t\t\t<\/div>\n\t\t\t\t\t<div id=\"elementor-tab-content-1844\" class=\"elementor-tab-content elementor-clearfix\" data-tab=\"4\" role=\"region\" aria-labelledby=\"elementor-tab-title-1844\"><p>Altrolux utilise des mesures techniques et organisationnelles appropri\u00e9es pour s\u00e9curiser vos donn\u00e9es personnelles et les prot\u00e9ger contre un traitement non autoris\u00e9 ou ill\u00e9gal et contre la perte, la destruction ou les dommages accidentels.<\/p>\n<\/div>\n\t\t\t\t<\/div>\n\t\t\t\t\t\t\t<div class=\"elementor-accordion-item\">\n\t\t\t\t\t<div id=\"elementor-tab-title-1845\" class=\"elementor-tab-title\" data-tab=\"5\" role=\"button\" aria-controls=\"elementor-tab-content-1845\" aria-expanded=\"false\">\n\t\t\t\t\t\t\t\t\t\t\t\t\t<span class=\"elementor-accordion-icon elementor-accordion-icon-left\" aria-hidden=\"true\">\n\t\t\t\t\t\t\t\t\t\t\t\t\t\t\t<span class=\"elementor-accordion-icon-closed\"><i class=\"fas fa-arrow-alt-circle-right\"><\/i><\/span>\n\t\t\t\t\t\t\t\t<span class=\"elementor-accordion-icon-opened\"><i class=\"fas fa-arrow-alt-circle-down\"><\/i><\/span>\n\t\t\t\t\t\t\t\t\t\t\t\t\t\t<\/span>\n\t\t\t\t\t\t\t\t\t\t\t\t<a class=\"elementor-accordion-title\" tabindex=\"0\">Droits de l'utilisateur<\/a>\n\t\t\t\t\t<\/div>\n\t\t\t\t\t<div id=\"elementor-tab-content-1845\" class=\"elementor-tab-content elementor-clearfix\" data-tab=\"5\" role=\"region\" aria-labelledby=\"elementor-tab-title-1845\"><p>En vertu du r\u00e8glement g\u00e9n\u00e9ral sur la protection des donn\u00e9es (RGPD), vous disposez de plusieurs droits concernant vos donn\u00e9es \u00e0 caract\u00e8re personnel, notamment le droit d&rsquo;acc\u00e9der \u00e0 vos donn\u00e9es, de les corriger, de les supprimer et d&rsquo;en limiter le traitement. Pour exercer ces droits, veuillez nous contacter \u00e0 l&rsquo;adresse suivante : info@altrolux.com<\/p>\n<\/div>\n\t\t\t\t<\/div>\n\t\t\t\t\t\t\t<div class=\"elementor-accordion-item\">\n\t\t\t\t\t<div id=\"elementor-tab-title-1846\" class=\"elementor-tab-title\" data-tab=\"6\" role=\"button\" aria-controls=\"elementor-tab-content-1846\" aria-expanded=\"false\">\n\t\t\t\t\t\t\t\t\t\t\t\t\t<span class=\"elementor-accordion-icon elementor-accordion-icon-left\" aria-hidden=\"true\">\n\t\t\t\t\t\t\t\t\t\t\t\t\t\t\t<span class=\"elementor-accordion-icon-closed\"><i class=\"fas fa-arrow-alt-circle-right\"><\/i><\/span>\n\t\t\t\t\t\t\t\t<span class=\"elementor-accordion-icon-opened\"><i class=\"fas fa-arrow-alt-circle-down\"><\/i><\/span>\n\t\t\t\t\t\t\t\t\t\t\t\t\t\t<\/span>\n\t\t\t\t\t\t\t\t\t\t\t\t<a class=\"elementor-accordion-title\" tabindex=\"0\">Modifications de cette politique<\/a>\n\t\t\t\t\t<\/div>\n\t\t\t\t\t<div id=\"elementor-tab-content-1846\" class=\"elementor-tab-content elementor-clearfix\" data-tab=\"6\" role=\"region\" aria-labelledby=\"elementor-tab-title-1846\"><p>Nous pouvons mettre \u00e0 jour notre politique de confidentialit\u00e9 de temps \u00e0 autre. Nous vous informerons de toute modification en publiant la nouvelle politique de confidentialit\u00e9 sur cette page.<\/p>\n<\/div>\n\t\t\t\t<\/div>\n\t\t\t\t\t\t\t\t\t\t<script type=\"application\/ld+json\">{\"@context\":\"https:\\\/\\\/schema.org\",\"@type\":\"FAQPage\",\"mainEntity\":[{\"@type\":\"Question\",\"name\":\"Collecteur de donn\\u00e9es personnelles\",\"acceptedAnswer\":{\"@type\":\"Answer\",\"text\":\"<p>Altrolux recueille des informations personnelles aupr\\u00e8s des utilisateurs de son site, y compris le nom, l&rsquo;adresse \\u00e9lectronique et d&rsquo;autres informations de contact fournies par les utilisateurs par le biais de formulaires, d&rsquo;inscriptions ou de demandes de renseignements. Nous recueillons \\u00e9galement des informations sur votre utilisation de notre site par le biais de cookies et de technologies similaires.<\\\/p>\\n\"}},{\"@type\":\"Question\",\"name\":\"Utilisation des donn\\u00e9es personnelles\",\"acceptedAnswer\":{\"@type\":\"Answer\",\"text\":\"<p>Les donn\\u00e9es personnelles que nous recueillons sont utilis\\u00e9es pour fournir et am\\u00e9liorer nos services, r\\u00e9pondre aux demandes de renseignements, envoyer du mat\\u00e9riel promotionnel (avec votre consentement) et \\u00e0 des fins statistiques et analytiques.<\\\/p>\\n\"}},{\"@type\":\"Question\",\"name\":\"Partage et transfert de donn\\u00e9es\",\"acceptedAnswer\":{\"@type\":\"Answer\",\"text\":\"<p>Altrolux ne vend ni ne loue les donn\\u00e9es personnelles \\u00e0 des tiers. Nous pouvons partager des donn\\u00e9es \\u00e0 caract\\u00e8re personnel avec des prestataires de services qui nous assistent dans nos op\\u00e9rations, dans le cadre d&rsquo;accords de confidentialit\\u00e9 stricts. Toutefois, nous n&rsquo;autorisons pas ces fournisseurs de services \\u00e0 utiliser ou \\u00e0 divulguer les informations, sauf si cela est n\\u00e9cessaire pour fournir des services en notre nom ou pour se conformer \\u00e0 des exigences l\\u00e9gales.<\\\/p>\\n\"}},{\"@type\":\"Question\",\"name\":\"S\\u00e9curit\\u00e9 des donn\\u00e9es\",\"acceptedAnswer\":{\"@type\":\"Answer\",\"text\":\"<p>Altrolux utilise des mesures techniques et organisationnelles appropri\\u00e9es pour s\\u00e9curiser vos donn\\u00e9es personnelles et les prot\\u00e9ger contre un traitement non autoris\\u00e9 ou ill\\u00e9gal et contre la perte, la destruction ou les dommages accidentels.<\\\/p>\\n\"}},{\"@type\":\"Question\",\"name\":\"Droits de l'utilisateur\",\"acceptedAnswer\":{\"@type\":\"Answer\",\"text\":\"<p>En vertu du r\\u00e8glement g\\u00e9n\\u00e9ral sur la protection des donn\\u00e9es (RGPD), vous disposez de plusieurs droits concernant vos donn\\u00e9es \\u00e0 caract\\u00e8re personnel, notamment le droit d&rsquo;acc\\u00e9der \\u00e0 vos donn\\u00e9es, de les corriger, de les supprimer et d&rsquo;en limiter le traitement. Pour exercer ces droits, veuillez nous contacter \\u00e0 l&rsquo;adresse suivante : info@altrolux.com<\\\/p>\\n\"}},{\"@type\":\"Question\",\"name\":\"Modifications de cette politique\",\"acceptedAnswer\":{\"@type\":\"Answer\",\"text\":\"<p>Nous pouvons mettre \\u00e0 jour notre politique de confidentialit\\u00e9 de temps \\u00e0 autre. Nous vous informerons de toute modification en publiant la nouvelle politique de confidentialit\\u00e9 sur cette page.<\\\/p>\\n\"}}]}<\/script>\n\t\t\t\t\t<\/div>\n\t\t\t\t\t\t<\/div>\n\t\t\t\t<\/div>\n\t\t\t\t\t<\/div>\n\t\t<\/div>\n\t\t\t\t\t<\/div>\n\t\t<\/section>\n\t\t\t\t<section class=\"elementor-section elementor-top-section elementor-element elementor-element-fffff12 elementor-section-boxed elementor-section-height-default elementor-section-height-default\" data-id=\"fffff12\" data-element_type=\"section\" data-e-type=\"section\" data-settings=\"{&quot;jet_parallax_layout_list&quot;:[]}\">\n\t\t\t\t\t\t<div class=\"elementor-container elementor-column-gap-default\">\n\t\t\t\t\t<div class=\"elementor-column elementor-col-100 elementor-top-column elementor-element elementor-element-370cca1\" data-id=\"370cca1\" data-element_type=\"column\" data-e-type=\"column\">\n\t\t\t<div class=\"elementor-widget-wrap elementor-element-populated\">\n\t\t\t\t\t\t<div class=\"elementor-element elementor-element-c1a1291 elementor-widget elementor-widget-spacer\" data-id=\"c1a1291\" data-element_type=\"widget\" data-e-type=\"widget\" data-widget_type=\"spacer.default\">\n\t\t\t\t<div class=\"elementor-widget-container\">\n\t\t\t\t\t\t\t<div class=\"elementor-spacer\">\n\t\t\t<div class=\"elementor-spacer-inner\"><\/div>\n\t\t<\/div>\n\t\t\t\t\t\t<\/div>\n\t\t\t\t<\/div>\n\t\t\t\t\t<\/div>\n\t\t<\/div>\n\t\t\t\t\t<\/div>\n\t\t<\/section>\n\t\t\t\t<\/div>\n\t\t","protected":false},"excerpt":{"rendered":"<p>Lisez la politique de confidentialit\u00e9 d&rsquo;Altrolux pour savoir comment nous prot\u00e9geons vos donn\u00e9es et assurons la conformit\u00e9 avec les r\u00e9glementations GDPR pour les \u00e9v\u00e9nements et les services audiovisuels<\/p>\n","protected":false},"author":3,"featured_media":0,"parent":0,"menu_order":25,"comment_status":"closed","ping_status":"closed","template":"elementor_header_footer","meta":{"footnotes":""},"class_list":["post-25037","page","type-page","status-publish","hentry"],"_hostinger_reach_plugin_has_subscription_block":false,"_hostinger_reach_plugin_is_elementor":false,"_links":{"self":[{"href":"https:\/\/altrolux.com\/fr\/wp-json\/wp\/v2\/pages\/25037","targetHints":{"allow":["GET"]}}],"collection":[{"href":"https:\/\/altrolux.com\/fr\/wp-json\/wp\/v2\/pages"}],"about":[{"href":"https:\/\/altrolux.com\/fr\/wp-json\/wp\/v2\/types\/page"}],"author":[{"embeddable":true,"href":"https:\/\/altrolux.com\/fr\/wp-json\/wp\/v2\/users\/3"}],"replies":[{"embeddable":true,"href":"https:\/\/altrolux.com\/fr\/wp-json\/wp\/v2\/comments?post=25037"}],"version-history":[{"count":0,"href":"https:\/\/altrolux.com\/fr\/wp-json\/wp\/v2\/pages\/25037\/revisions"}],"wp:attachment":[{"href":"https:\/\/altrolux.com\/fr\/wp-json\/wp\/v2\/media?parent=25037"}],"curies":[{"name":"wp","href":"https:\/\/api.w.org\/{rel}","templated":true}]}}