{"id":24822,"date":"2025-09-01T16:13:42","date_gmt":"2025-09-01T14:13:42","guid":{"rendered":"https:\/\/altrolux.com\/lequipe\/"},"modified":"2025-09-14T12:30:44","modified_gmt":"2025-09-14T10:30:44","slug":"lequipe","status":"publish","type":"page","link":"https:\/\/altrolux.com\/fr\/lequipe\/","title":{"rendered":"Rencontrez l&rsquo;\u00e9quipe"},"content":{"rendered":"\t\t<div data-elementor-type=\"wp-page\" data-elementor-id=\"24822\" class=\"elementor elementor-24822 elementor-1485\" data-elementor-post-type=\"page\">\n\t\t\t\t\t\t<section class=\"elementor-section elementor-top-section elementor-element elementor-element-17a48ad elementor-section-height-min-height elementor-section-boxed elementor-section-height-default elementor-section-items-middle\" data-id=\"17a48ad\" data-element_type=\"section\" data-e-type=\"section\" data-settings=\"{&quot;background_background&quot;:&quot;classic&quot;,&quot;jet_parallax_layout_list&quot;:[]}\">\n\t\t\t\t\t\t\t<div class=\"elementor-background-overlay\"><\/div>\n\t\t\t\t\t\t\t<div class=\"elementor-container elementor-column-gap-default\">\n\t\t\t\t\t<div class=\"elementor-column elementor-col-100 elementor-top-column elementor-element elementor-element-c4ddd43\" data-id=\"c4ddd43\" data-element_type=\"column\" data-e-type=\"column\">\n\t\t\t<div class=\"elementor-widget-wrap elementor-element-populated\">\n\t\t\t\t\t\t<section class=\"elementor-section elementor-inner-section elementor-element elementor-element-3c00977 elementor-section-boxed elementor-section-height-default elementor-section-height-default\" data-id=\"3c00977\" data-element_type=\"section\" data-e-type=\"section\" data-settings=\"{&quot;jet_parallax_layout_list&quot;:[]}\">\n\t\t\t\t\t\t<div class=\"elementor-container elementor-column-gap-default\">\n\t\t\t\t\t<div class=\"elementor-column elementor-col-100 elementor-inner-column elementor-element elementor-element-832515a\" data-id=\"832515a\" data-element_type=\"column\" data-e-type=\"column\" data-settings=\"{&quot;background_background&quot;:&quot;classic&quot;}\">\n\t\t\t<div class=\"elementor-widget-wrap elementor-element-populated\">\n\t\t\t\t\t\t<div class=\"elementor-element elementor-element-2558cd3 elementor-align-center elementor-widget elementor-widget-breadcrumbs\" data-id=\"2558cd3\" data-element_type=\"widget\" data-e-type=\"widget\" data-widget_type=\"breadcrumbs.default\">\n\t\t\t\t<div class=\"elementor-widget-container\">\n\t\t\t\t\t<nav aria-label=\"breadcrumbs\" class=\"rank-math-breadcrumb\"><p><span class=\"last\">Home<\/span><\/p><\/nav>\t\t\t\t<\/div>\n\t\t\t\t<\/div>\n\t\t\t\t\t<\/div>\n\t\t<\/div>\n\t\t\t\t\t<\/div>\n\t\t<\/section>\n\t\t\t\t<div class=\"elementor-element elementor-element-9c40233 elementor-widget elementor-widget-heading\" data-id=\"9c40233\" data-element_type=\"widget\" data-e-type=\"widget\" data-widget_type=\"heading.default\">\n\t\t\t\t<div class=\"elementor-widget-container\">\n\t\t\t\t\t<h1 class=\"elementor-heading-title elementor-size-default\">Notre \u00e9quipe. Votre \u00e9quipe AV <\/h1>\t\t\t\t<\/div>\n\t\t\t\t<\/div>\n\t\t\t\t<div class=\"elementor-element elementor-element-f521697 elementor-widget__width-initial elementor-widget elementor-widget-heading\" data-id=\"f521697\" data-element_type=\"widget\" data-e-type=\"widget\" data-widget_type=\"heading.default\">\n\t\t\t\t<div class=\"elementor-widget-container\">\n\t\t\t\t\t<p class=\"elementor-heading-title elementor-size-default\">Derri\u00e8re chaque \u00e9v\u00e9nement r\u00e9ussi se cache une \u00e9quipe qui planifie, ajuste et livre sans faire de bruit.  <br>Chez Altrolux, ce sont nos collaborateurs qui font la diff\u00e9rence : avant, pendant et apr\u00e8s le salon.<\/p>\t\t\t\t<\/div>\n\t\t\t\t<\/div>\n\t\t\t\t\t<\/div>\n\t\t<\/div>\n\t\t\t\t\t<\/div>\n\t\t<\/section>\n\t\t\t\t<section class=\"elementor-section elementor-top-section elementor-element elementor-element-bbd4fa6 elementor-section-content-top elementor-section-boxed elementor-section-height-default elementor-section-height-default\" data-id=\"bbd4fa6\" data-element_type=\"section\" data-e-type=\"section\" data-settings=\"{&quot;jet_parallax_layout_list&quot;:[]}\">\n\t\t\t\t\t\t<div class=\"elementor-container elementor-column-gap-default\">\n\t\t\t\t\t<div class=\"elementor-column elementor-col-100 elementor-top-column elementor-element elementor-element-783ae53\" data-id=\"783ae53\" data-element_type=\"column\" data-e-type=\"column\">\n\t\t\t<div class=\"elementor-widget-wrap elementor-element-populated\">\n\t\t\t\t\t\t<div class=\"elementor-element elementor-element-02edb8d elementor-widget elementor-widget-heading\" data-id=\"02edb8d\" data-element_type=\"widget\" data-e-type=\"widget\" data-widget_type=\"heading.default\">\n\t\t\t\t<div class=\"elementor-widget-container\">\n\t\t\t\t\t<h2 class=\"elementor-heading-title elementor-size-default\">Dans le <span style=\"color: #1B77FF\">secteur de la production d'\u00e9v\u00e9nements<\/span>, nous pensons qu'il ne suffit pas de cr\u00e9er une entreprise.<\/h2>\t\t\t\t<\/div>\n\t\t\t\t<\/div>\n\t\t\t\t<div class=\"elementor-element elementor-element-c8037f8 elementor-widget elementor-widget-heading\" data-id=\"c8037f8\" data-element_type=\"widget\" data-e-type=\"widget\" data-widget_type=\"heading.default\">\n\t\t\t\t<div class=\"elementor-widget-container\">\n\t\t\t\t\t<p class=\"elementor-heading-title elementor-size-default\">Vous constituez une solide \u00e9quipe de professionnels, qui se chargeront ensuite de d\u00e9velopper l'entreprise.<\/p>\t\t\t\t<\/div>\n\t\t\t\t<\/div>\n\t\t\t\t<div class=\"elementor-element elementor-element-466a7ec elementor-align-center elementor-widget elementor-widget-button\" data-id=\"466a7ec\" data-element_type=\"widget\" data-e-type=\"widget\" data-widget_type=\"button.default\">\n\t\t\t\t<div class=\"elementor-widget-container\">\n\t\t\t\t\t\t\t\t\t<div class=\"elementor-button-wrapper\">\n\t\t\t\t\t<a class=\"elementor-button elementor-button-link elementor-size-sm\" href=\"https:\/\/altrolux.com\/fr\/contact\/\">\n\t\t\t\t\t\t<span class=\"elementor-button-content-wrapper\">\n\t\t\t\t\t\t\t\t\t<span class=\"elementor-button-text\">Contactez un expert<\/span>\n\t\t\t\t\t<\/span>\n\t\t\t\t\t<\/a>\n\t\t\t\t<\/div>\n\t\t\t\t\t\t\t\t<\/div>\n\t\t\t\t<\/div>\n\t\t\t\t\t<\/div>\n\t\t<\/div>\n\t\t\t\t\t<\/div>\n\t\t<\/section>\n\t\t<div class=\"elementor-element elementor-element-750ecf8 e-flex e-con-boxed e-con e-parent\" data-id=\"750ecf8\" data-element_type=\"container\" data-e-type=\"container\" data-settings=\"{&quot;jet_parallax_layout_list&quot;:[]}\">\n\t\t\t\t\t<div class=\"e-con-inner\">\n\t\t<div class=\"elementor-element elementor-element-146a1d3 e-con-full e-flex e-con e-child\" data-id=\"146a1d3\" data-element_type=\"container\" data-e-type=\"container\" data-settings=\"{&quot;background_background&quot;:&quot;classic&quot;,&quot;jet_parallax_layout_list&quot;:[]}\">\n\t\t\t\t<div class=\"elementor-element elementor-element-445e9e8 elementor-position-top elementor-widget elementor-widget-image-box\" data-id=\"445e9e8\" data-element_type=\"widget\" data-e-type=\"widget\" data-widget_type=\"image-box.default\">\n\t\t\t\t<div class=\"elementor-widget-container\">\n\t\t\t\t\t<div class=\"elementor-image-box-wrapper\"><figure class=\"elementor-image-box-img\"><img fetchpriority=\"high\" decoding=\"async\" width=\"1024\" height=\"1024\" src=\"https:\/\/altrolux.com\/wp-content\/uploads\/altrolux-aurelia-dellaera.webp\" class=\"attachment-full size-full wp-image-33476\" alt=\"\" srcset=\"https:\/\/altrolux.com\/wp-content\/uploads\/altrolux-aurelia-dellaera.webp 1024w, https:\/\/altrolux.com\/wp-content\/uploads\/altrolux-aurelia-dellaera-300x300.webp 300w, https:\/\/altrolux.com\/wp-content\/uploads\/altrolux-aurelia-dellaera-150x150.webp 150w, https:\/\/altrolux.com\/wp-content\/uploads\/altrolux-aurelia-dellaera-768x768.webp 768w\" sizes=\"(max-width: 1024px) 100vw, 1024px\" \/><\/figure><div class=\"elementor-image-box-content\"><h2 class=\"elementor-image-box-title\">Aurelia Dell'Aera<\/h2><p class=\"elementor-image-box-description\">Chef de projet<\/p><\/div><\/div>\t\t\t\t<\/div>\n\t\t\t\t<\/div>\n\t\t\t\t<\/div>\n\t\t<div class=\"elementor-element elementor-element-edc6ae2 e-con-full e-flex e-con e-child\" data-id=\"edc6ae2\" data-element_type=\"container\" data-e-type=\"container\" data-settings=\"{&quot;background_background&quot;:&quot;classic&quot;,&quot;jet_parallax_layout_list&quot;:[]}\">\n\t\t\t\t<div class=\"elementor-element elementor-element-baa6c49 elementor-position-top elementor-widget elementor-widget-image-box\" data-id=\"baa6c49\" data-element_type=\"widget\" data-e-type=\"widget\" data-widget_type=\"image-box.default\">\n\t\t\t\t<div class=\"elementor-widget-container\">\n\t\t\t\t\t<div class=\"elementor-image-box-wrapper\"><figure class=\"elementor-image-box-img\"><img decoding=\"async\" width=\"1024\" height=\"1024\" src=\"https:\/\/altrolux.com\/wp-content\/uploads\/altrolux-stephane-radonjic.webp\" class=\"attachment-full size-full wp-image-33482\" alt=\"\" srcset=\"https:\/\/altrolux.com\/wp-content\/uploads\/altrolux-stephane-radonjic.webp 1024w, https:\/\/altrolux.com\/wp-content\/uploads\/altrolux-stephane-radonjic-300x300.webp 300w, https:\/\/altrolux.com\/wp-content\/uploads\/altrolux-stephane-radonjic-150x150.webp 150w, https:\/\/altrolux.com\/wp-content\/uploads\/altrolux-stephane-radonjic-768x768.webp 768w\" sizes=\"(max-width: 1024px) 100vw, 1024px\" \/><\/figure><div class=\"elementor-image-box-content\"><h2 class=\"elementor-image-box-title\">St\u00e9phane Radonjic<\/h2><p class=\"elementor-image-box-description\">Gestionnaire<\/p><\/div><\/div>\t\t\t\t<\/div>\n\t\t\t\t<\/div>\n\t\t\t\t<\/div>\n\t\t<div class=\"elementor-element elementor-element-e39e298 e-con-full e-flex e-con e-child\" data-id=\"e39e298\" data-element_type=\"container\" data-e-type=\"container\" data-settings=\"{&quot;background_background&quot;:&quot;classic&quot;,&quot;jet_parallax_layout_list&quot;:[]}\">\n\t\t\t\t<div class=\"elementor-element elementor-element-0780f2c elementor-position-top elementor-widget elementor-widget-image-box\" data-id=\"0780f2c\" data-element_type=\"widget\" data-e-type=\"widget\" data-widget_type=\"image-box.default\">\n\t\t\t\t<div class=\"elementor-widget-container\">\n\t\t\t\t\t<div class=\"elementor-image-box-wrapper\"><figure class=\"elementor-image-box-img\"><img decoding=\"async\" width=\"1024\" height=\"1024\" src=\"https:\/\/altrolux.com\/wp-content\/uploads\/altrolux-matteo-melan.webp\" class=\"attachment-full size-full wp-image-33479\" alt=\"\" srcset=\"https:\/\/altrolux.com\/wp-content\/uploads\/altrolux-matteo-melan.webp 1024w, https:\/\/altrolux.com\/wp-content\/uploads\/altrolux-matteo-melan-300x300.webp 300w, https:\/\/altrolux.com\/wp-content\/uploads\/altrolux-matteo-melan-150x150.webp 150w, https:\/\/altrolux.com\/wp-content\/uploads\/altrolux-matteo-melan-768x768.webp 768w\" sizes=\"(max-width: 1024px) 100vw, 1024px\" \/><\/figure><div class=\"elementor-image-box-content\"><h2 class=\"elementor-image-box-title\">Matteo Melan<\/h2><p class=\"elementor-image-box-description\">Production AV<\/p><\/div><\/div>\t\t\t\t<\/div>\n\t\t\t\t<\/div>\n\t\t\t\t<\/div>\n\t\t\t\t\t<\/div>\n\t\t\t\t<\/div>\n\t\t\t\t<section class=\"elementor-section elementor-top-section elementor-element elementor-element-26f1e97 elementor-section-height-min-height elementor-section-boxed elementor-section-height-default elementor-section-items-middle\" data-id=\"26f1e97\" data-element_type=\"section\" data-e-type=\"section\" data-settings=\"{&quot;background_background&quot;:&quot;classic&quot;,&quot;jet_parallax_layout_list&quot;:[]}\">\n\t\t\t\t\t\t\t<div class=\"elementor-background-overlay\"><\/div>\n\t\t\t\t\t\t\t<div class=\"elementor-container elementor-column-gap-default\">\n\t\t\t\t\t<div class=\"elementor-column elementor-col-100 elementor-top-column elementor-element elementor-element-23d6b77\" data-id=\"23d6b77\" data-element_type=\"column\" data-e-type=\"column\">\n\t\t\t<div class=\"elementor-widget-wrap elementor-element-populated\">\n\t\t\t\t\t\t<div class=\"elementor-element elementor-element-d82b09f elementor-widget elementor-widget-heading\" data-id=\"d82b09f\" data-element_type=\"widget\" data-e-type=\"widget\" data-widget_type=\"heading.default\">\n\t\t\t\t<div class=\"elementor-widget-container\">\n\t\t\t\t\t<h2 class=\"elementor-heading-title elementor-size-default\">Ensemble, faisons de chaque \u00e9v\u00e9nement une exp\u00e9rience <span style=\"color: #1c77ff\">inoubliable<\/span>.<\/h2>\t\t\t\t<\/div>\n\t\t\t\t<\/div>\n\t\t\t\t<div class=\"elementor-element elementor-element-e57b68d elementor-align-center elementor-widget elementor-widget-button\" data-id=\"e57b68d\" data-element_type=\"widget\" data-e-type=\"widget\" data-widget_type=\"button.default\">\n\t\t\t\t<div class=\"elementor-widget-container\">\n\t\t\t\t\t\t\t\t\t<div class=\"elementor-button-wrapper\">\n\t\t\t\t\t<a class=\"elementor-button elementor-button-link elementor-size-sm elementor-animation-grow\" href=\"https:\/\/altrolux.com\/fr\/contact\/\">\n\t\t\t\t\t\t<span class=\"elementor-button-content-wrapper\">\n\t\t\t\t\t\t\t\t\t<span class=\"elementor-button-text\">Contactez nous<\/span>\n\t\t\t\t\t<\/span>\n\t\t\t\t\t<\/a>\n\t\t\t\t<\/div>\n\t\t\t\t\t\t\t\t<\/div>\n\t\t\t\t<\/div>\n\t\t\t\t\t<\/div>\n\t\t<\/div>\n\t\t\t\t\t<\/div>\n\t\t<\/section>\n\t\t\t\t<section class=\"elementor-section elementor-top-section elementor-element elementor-element-ac4e939 elementor-section-content-middle elementor-section-boxed elementor-section-height-default elementor-section-height-default\" data-id=\"ac4e939\" data-element_type=\"section\" data-e-type=\"section\" data-settings=\"{&quot;jet_parallax_layout_list&quot;:[]}\">\n\t\t\t\t\t\t<div class=\"elementor-container elementor-column-gap-default\">\n\t\t\t\t\t<div class=\"elementor-column elementor-col-50 elementor-top-column elementor-element elementor-element-353b87e\" data-id=\"353b87e\" data-element_type=\"column\" data-e-type=\"column\">\n\t\t\t<div class=\"elementor-widget-wrap elementor-element-populated\">\n\t\t\t\t\t\t<div class=\"elementor-element elementor-element-f7db6b8 elementor-widget elementor-widget-image\" data-id=\"f7db6b8\" data-element_type=\"widget\" data-e-type=\"widget\" data-widget_type=\"image.default\">\n\t\t\t\t<div class=\"elementor-widget-container\">\n\t\t\t\t\t\t\t\t\t\t\t\t\t\t\t<img loading=\"lazy\" decoding=\"async\" width=\"2048\" height=\"1365\" src=\"https:\/\/altrolux.com\/wp-content\/uploads\/altrolux-audiovisual-professional-crew.webp\" class=\"attachment-full size-full wp-image-24748\" alt=\"\" srcset=\"https:\/\/altrolux.com\/wp-content\/uploads\/altrolux-audiovisual-professional-crew.webp 2048w, https:\/\/altrolux.com\/wp-content\/uploads\/altrolux-audiovisual-professional-crew-300x200.webp 300w, https:\/\/altrolux.com\/wp-content\/uploads\/altrolux-audiovisual-professional-crew-1024x683.webp 1024w, https:\/\/altrolux.com\/wp-content\/uploads\/altrolux-audiovisual-professional-crew-768x512.webp 768w, https:\/\/altrolux.com\/wp-content\/uploads\/altrolux-audiovisual-professional-crew-1536x1024.webp 1536w\" sizes=\"(max-width: 2048px) 100vw, 2048px\" \/>\t\t\t\t\t\t\t\t\t\t\t\t\t\t\t<\/div>\n\t\t\t\t<\/div>\n\t\t\t\t\t<\/div>\n\t\t<\/div>\n\t\t\t\t<div class=\"elementor-column elementor-col-50 elementor-top-column elementor-element elementor-element-79b5612\" data-id=\"79b5612\" data-element_type=\"column\" data-e-type=\"column\">\n\t\t\t<div class=\"elementor-widget-wrap elementor-element-populated\">\n\t\t\t\t\t\t<div class=\"elementor-element elementor-element-6bafcc9 elementor-widget elementor-widget-text-editor\" data-id=\"6bafcc9\" data-element_type=\"widget\" data-e-type=\"widget\" data-widget_type=\"text-editor.default\">\n\t\t\t\t<div class=\"elementor-widget-container\">\n\t\t\t\t\t\t\t\t\t<p>Chez Altrolux, notre \u00e9quipe de professionnels est compos\u00e9e de chefs de projet, d&rsquo;ing\u00e9nieurs du son, d&rsquo;op\u00e9rateurs vid\u00e9o, de concepteurs d&rsquo;\u00e9clairage, de cameramen, de monteurs, de roadies, d&rsquo;\u00e9lectriciens, de d\u00e9corateurs, d&rsquo;int\u00e9grateurs de syst\u00e8mes et de techniciens de maintenance. Chaque membre de l&rsquo;\u00e9quipe est un expert dans son domaine et est \u00e9quip\u00e9 pour g\u00e9rer des projets de toute envergure ou complexit\u00e9.<\/p><p>Du conseil \u00e0 l&rsquo;\u00e9tude technique en passant par la gestion d&rsquo;\u00e9v\u00e9nements, nos chefs de projet assurent une ex\u00e9cution sans faille \u00e0 chaque \u00e9tape. Nos techniciens, qui utilisent les derni\u00e8res technologies en mati\u00e8re de son, de vid\u00e9o et d&rsquo;\u00e9clairage, s&rsquo;adaptent aux diff\u00e9rents lieux o\u00f9 se d\u00e9roulent les \u00e9v\u00e9nements, afin que chacun d&rsquo;entre eux soit unique et m\u00e9morable.<\/p><p>Dans le respect des normes de s\u00e9curit\u00e9, notre \u00e9quipe apporte un haut niveau de professionnalisme et d&rsquo;expertise \u00e0 chaque production d&rsquo;\u00e9v\u00e9nement \u00e0 Bruxelles et au-del\u00e0.<\/p><p>L&rsquo;\u00e9quipe d&rsquo;Altrolux s&rsquo;engage \u00e0 fournir des services exceptionnels, ce qui fait de nous le choix de confiance pour la production d&rsquo;\u00e9v\u00e9nements en Belgique et \u00e0 l&rsquo;international\u00a0\u00bb.<\/p>\t\t\t\t\t\t\t\t<\/div>\n\t\t\t\t<\/div>\n\t\t\t\t\t<\/div>\n\t\t<\/div>\n\t\t\t\t\t<\/div>\n\t\t<\/section>\n\t\t\t\t<section class=\"elementor-section elementor-top-section elementor-element elementor-element-2fb4c24 elementor-section-boxed elementor-section-height-default elementor-section-height-default\" data-id=\"2fb4c24\" data-element_type=\"section\" data-e-type=\"section\" data-settings=\"{&quot;jet_parallax_layout_list&quot;:[]}\">\n\t\t\t\t\t\t<div class=\"elementor-container elementor-column-gap-default\">\n\t\t\t\t\t<div class=\"elementor-column elementor-col-100 elementor-top-column elementor-element elementor-element-210f3fe\" data-id=\"210f3fe\" data-element_type=\"column\" data-e-type=\"column\">\n\t\t\t<div class=\"elementor-widget-wrap elementor-element-populated\">\n\t\t\t\t\t\t<div class=\"elementor-element elementor-element-b9b8696 elementor-widget__width-initial elementor-widget elementor-widget-heading\" data-id=\"b9b8696\" data-element_type=\"widget\" data-e-type=\"widget\" data-widget_type=\"heading.default\">\n\t\t\t\t<div class=\"elementor-widget-container\">\n\t\t\t\t\t<h2 class=\"elementor-heading-title elementor-size-default\">N'h\u00e9sitez pas \u00e0 nous appeler ou \u00e0 nous envoyer un message au sujet de nos services audiovisuels.<\/h2>\t\t\t\t<\/div>\n\t\t\t\t<\/div>\n\t\t\t\t<div class=\"elementor-element elementor-element-b8f5624 elementor-align-center elementor-widget elementor-widget-button\" data-id=\"b8f5624\" data-element_type=\"widget\" data-e-type=\"widget\" data-widget_type=\"button.default\">\n\t\t\t\t<div class=\"elementor-widget-container\">\n\t\t\t\t\t\t\t\t\t<div class=\"elementor-button-wrapper\">\n\t\t\t\t\t<a class=\"elementor-button elementor-button-link elementor-size-sm\" href=\"https:\/\/altrolux.com\/fr\/contact\/\">\n\t\t\t\t\t\t<span class=\"elementor-button-content-wrapper\">\n\t\t\t\t\t\t\t\t\t<span class=\"elementor-button-text\">Entrez en contact avec un expert<\/span>\n\t\t\t\t\t<\/span>\n\t\t\t\t\t<\/a>\n\t\t\t\t<\/div>\n\t\t\t\t\t\t\t\t<\/div>\n\t\t\t\t<\/div>\n\t\t\t\t\t<\/div>\n\t\t<\/div>\n\t\t\t\t\t<\/div>\n\t\t<\/section>\n\t\t\t\t<\/div>\n\t\t","protected":false},"excerpt":{"rendered":"<p>Rencontrez les experts audiovisuels d&rsquo;Altrolux \u00e0 Bruxelles. Une \u00e9quipe passionn\u00e9e qui fournit des solutions audiovisuelles avec cr\u00e9ativit\u00e9 et pr\u00e9cision. <\/p>\n","protected":false},"author":3,"featured_media":0,"parent":0,"menu_order":15,"comment_status":"closed","ping_status":"closed","template":"elementor_header_footer","meta":{"footnotes":""},"class_list":["post-24822","page","type-page","status-publish","hentry"],"_hostinger_reach_plugin_has_subscription_block":false,"_hostinger_reach_plugin_is_elementor":false,"_links":{"self":[{"href":"https:\/\/altrolux.com\/fr\/wp-json\/wp\/v2\/pages\/24822","targetHints":{"allow":["GET"]}}],"collection":[{"href":"https:\/\/altrolux.com\/fr\/wp-json\/wp\/v2\/pages"}],"about":[{"href":"https:\/\/altrolux.com\/fr\/wp-json\/wp\/v2\/types\/page"}],"author":[{"embeddable":true,"href":"https:\/\/altrolux.com\/fr\/wp-json\/wp\/v2\/users\/3"}],"replies":[{"embeddable":true,"href":"https:\/\/altrolux.com\/fr\/wp-json\/wp\/v2\/comments?post=24822"}],"version-history":[{"count":5,"href":"https:\/\/altrolux.com\/fr\/wp-json\/wp\/v2\/pages\/24822\/revisions"}],"predecessor-version":[{"id":38208,"href":"https:\/\/altrolux.com\/fr\/wp-json\/wp\/v2\/pages\/24822\/revisions\/38208"}],"wp:attachment":[{"href":"https:\/\/altrolux.com\/fr\/wp-json\/wp\/v2\/media?parent=24822"}],"curies":[{"name":"wp","href":"https:\/\/api.w.org\/{rel}","templated":true}]}}