{"id":24819,"date":"2022-07-12T18:44:22","date_gmt":"2022-07-12T16:44:22","guid":{"rendered":"https:\/\/altrolux.com\/en-cours-de-construction\/"},"modified":"2025-01-31T15:38:05","modified_gmt":"2025-01-31T14:38:05","slug":"en-cours-de-construction","status":"publish","type":"page","link":"https:\/\/altrolux.com\/fr\/en-cours-de-construction\/","title":{"rendered":"En cours de construction"},"content":{"rendered":"\t\t<div data-elementor-type=\"wp-page\" data-elementor-id=\"24819\" class=\"elementor elementor-24819\" data-elementor-post-type=\"page\">\n\t\t\t\t\t\t<section class=\"elementor-section elementor-top-section elementor-element elementor-element-19c9f08 elementor-reverse-tablet elementor-reverse-mobile elementor-section-height-min-height elementor-section-content-middle elementor-section-boxed elementor-section-height-default elementor-section-items-middle\" data-id=\"19c9f08\" data-element_type=\"section\" data-e-type=\"section\" data-settings=\"{&quot;background_background&quot;:&quot;classic&quot;,&quot;jet_parallax_layout_list&quot;:[]}\">\n\t\t\t\t\t\t\t<div class=\"elementor-background-overlay\"><\/div>\n\t\t\t\t\t\t\t<div class=\"elementor-container elementor-column-gap-wider\">\n\t\t\t\t\t<div class=\"elementor-column elementor-col-100 elementor-top-column elementor-element elementor-element-5df47d7\" data-id=\"5df47d7\" data-element_type=\"column\" data-e-type=\"column\">\n\t\t\t<div class=\"elementor-widget-wrap elementor-element-populated\">\n\t\t\t\t\t\t<div class=\"elementor-element elementor-element-cf3a571 elementor-widget elementor-widget-image\" data-id=\"cf3a571\" data-element_type=\"widget\" data-e-type=\"widget\" data-widget_type=\"image.default\">\n\t\t\t\t<div class=\"elementor-widget-container\">\n\t\t\t\t\t\t\t\t\t\t\t\t\t\t\t<img decoding=\"async\" width=\"500\" height=\"80\" src=\"https:\/\/altrolux.com\/wp-content\/uploads\/Site-logo-altrolux.svg\" class=\"attachment-full size-full wp-image-38167\" alt=\"Altrolux logo with creative technology\" \/>\t\t\t\t\t\t\t\t\t\t\t\t\t\t\t<\/div>\n\t\t\t\t<\/div>\n\t\t\t\t<div class=\"elementor-element elementor-element-5c00c2b elementor-widget elementor-widget-text-editor\" data-id=\"5c00c2b\" data-element_type=\"widget\" data-e-type=\"widget\" data-widget_type=\"text-editor.default\">\n\t\t\t\t<div class=\"elementor-widget-container\">\n\t\t\t\t\t\t\t\t\t<p>Le site web est en cours de construction<\/p>\n\t\t\t\t\t\t\t\t<\/div>\n\t\t\t\t<\/div>\n\t\t\t\t\t<\/div>\n\t\t<\/div>\n\t\t\t\t\t<\/div>\n\t\t<\/section>\n\t\t\t\t<\/div>\n\t\t","protected":false},"excerpt":{"rendered":"<p>Notre site web est en cours de mise \u00e0 jour pour mieux vous servir. Restez \u00e0 l&rsquo;\u00e9coute pour d\u00e9couvrir les nouvelles fonctionnalit\u00e9s et les services am\u00e9lior\u00e9s d&rsquo;Altrolux. <\/p>\n","protected":false},"author":3,"featured_media":0,"parent":0,"menu_order":998,"comment_status":"closed","ping_status":"closed","template":"elementor_canvas","meta":{"footnotes":""},"class_list":["post-24819","page","type-page","status-publish","hentry"],"_hostinger_reach_plugin_has_subscription_block":false,"_hostinger_reach_plugin_is_elementor":false,"_links":{"self":[{"href":"https:\/\/altrolux.com\/fr\/wp-json\/wp\/v2\/pages\/24819","targetHints":{"allow":["GET"]}}],"collection":[{"href":"https:\/\/altrolux.com\/fr\/wp-json\/wp\/v2\/pages"}],"about":[{"href":"https:\/\/altrolux.com\/fr\/wp-json\/wp\/v2\/types\/page"}],"author":[{"embeddable":true,"href":"https:\/\/altrolux.com\/fr\/wp-json\/wp\/v2\/users\/3"}],"replies":[{"embeddable":true,"href":"https:\/\/altrolux.com\/fr\/wp-json\/wp\/v2\/comments?post=24819"}],"version-history":[{"count":0,"href":"https:\/\/altrolux.com\/fr\/wp-json\/wp\/v2\/pages\/24819\/revisions"}],"wp:attachment":[{"href":"https:\/\/altrolux.com\/fr\/wp-json\/wp\/v2\/media?parent=24819"}],"curies":[{"name":"wp","href":"https:\/\/api.w.org\/{rel}","templated":true}]}}